{"id":11937,"date":"2022-08-31T12:06:01","date_gmt":"2022-08-31T12:06:01","guid":{"rendered":"https:\/\/laserstans.dizparc.app\/green-vision\/"},"modified":"2023-08-08T13:02:08","modified_gmt":"2023-08-08T13:02:08","slug":"green-vision","status":"publish","type":"page","link":"https:\/\/laserstans.dizparc.app\/en\/green-vision\/","title":{"rendered":"Green vision"},"content":{"rendered":"","protected":false},"excerpt":{"rendered":"","protected":false},"author":4,"featured_media":0,"parent":0,"menu_order":0,"comment_status":"closed","ping_status":"closed","template":"template-greenvision.php","meta":{"_acf_changed":false,"footnotes":""},"acf":[],"yoast_head":"<!-- This site is optimized with the Yoast SEO Premium plugin v22.1 (Yoast SEO v23.5) - https:\/\/yoast.com\/wordpress\/plugins\/seo\/ -->\n<title>Green vision - Laserstans - GLS Industries<\/title>\n<meta name=\"description\" content=\"Med GLS Green Vision s\u00e4tter vi ett namn p\u00e5 det arbete som genomsyrar v\u00e5r organisation och produktion, vi ska bidra till en positiv utveckling\" \/>\n<meta name=\"robots\" content=\"noindex, follow, max-snippet:-1, max-image-preview:large, max-video-preview:-1\" \/>\n<meta property=\"og:locale\" content=\"en_US\" \/>\n<meta property=\"og:type\" content=\"article\" \/>\n<meta property=\"og:title\" content=\"Green vision\" \/>\n<meta property=\"og:url\" content=\"https:\/\/laserstans.dizparc.app\/en\/green-vision\/\" \/>\n<meta property=\"og:site_name\" content=\"Laserstans - GLS Industries\" \/>\n<meta property=\"article:modified_time\" content=\"2023-08-08T13:02:08+00:00\" \/>\n<meta name=\"twitter:card\" content=\"summary_large_image\" \/>\n<script type=\"application\/ld+json\" class=\"yoast-schema-graph\">{\"@context\":\"https:\/\/schema.org\",\"@graph\":[{\"@type\":\"WebPage\",\"@id\":\"https:\/\/laserstans.dizparc.app\/en\/green-vision\/\",\"url\":\"https:\/\/laserstans.dizparc.app\/en\/green-vision\/\",\"name\":\"Green vision - Laserstans - GLS Industries\",\"isPartOf\":{\"@id\":\"https:\/\/laserstans.dizparc.app\/en\/#website\"},\"datePublished\":\"2022-08-31T12:06:01+00:00\",\"dateModified\":\"2023-08-08T13:02:08+00:00\",\"description\":\"Med GLS Green Vision s\u00e4tter vi ett namn p\u00e5 det arbete som genomsyrar v\u00e5r organisation och produktion, vi ska bidra till en positiv utveckling\",\"breadcrumb\":{\"@id\":\"https:\/\/laserstans.dizparc.app\/en\/green-vision\/#breadcrumb\"},\"inLanguage\":\"en-US\",\"potentialAction\":[{\"@type\":\"ReadAction\",\"target\":[\"https:\/\/laserstans.dizparc.app\/en\/green-vision\/\"]}]},{\"@type\":\"BreadcrumbList\",\"@id\":\"https:\/\/laserstans.dizparc.app\/en\/green-vision\/#breadcrumb\",\"itemListElement\":[{\"@type\":\"ListItem\",\"position\":1,\"name\":\"Hem\",\"item\":\"https:\/\/laserstans.dizparc.app\/en\/\"},{\"@type\":\"ListItem\",\"position\":2,\"name\":\"Green vision\"}]},{\"@type\":\"WebSite\",\"@id\":\"https:\/\/laserstans.dizparc.app\/en\/#website\",\"url\":\"https:\/\/laserstans.dizparc.app\/en\/\",\"name\":\"Laserstans - GLS Industries\",\"description\":\"Sheet metal processing. Reaching higher.\",\"potentialAction\":[{\"@type\":\"SearchAction\",\"target\":{\"@type\":\"EntryPoint\",\"urlTemplate\":\"https:\/\/laserstans.dizparc.app\/en\/?s={search_term_string}\"},\"query-input\":{\"@type\":\"PropertyValueSpecification\",\"valueRequired\":true,\"valueName\":\"search_term_string\"}}],\"inLanguage\":\"en-US\"}]}<\/script>\n<!-- \/ Yoast SEO Premium plugin. -->","yoast_head_json":{"title":"Green vision - Laserstans - GLS Industries","description":"Med GLS Green Vision s\u00e4tter vi ett namn p\u00e5 det arbete som genomsyrar v\u00e5r organisation och produktion, vi ska bidra till en positiv utveckling","robots":{"index":"noindex","follow":"follow","max-snippet":"max-snippet:-1","max-image-preview":"max-image-preview:large","max-video-preview":"max-video-preview:-1"},"og_locale":"en_US","og_type":"article","og_title":"Green vision","og_url":"https:\/\/laserstans.dizparc.app\/en\/green-vision\/","og_site_name":"Laserstans - GLS Industries","article_modified_time":"2023-08-08T13:02:08+00:00","twitter_card":"summary_large_image","schema":{"@context":"https:\/\/schema.org","@graph":[{"@type":"WebPage","@id":"https:\/\/laserstans.dizparc.app\/en\/green-vision\/","url":"https:\/\/laserstans.dizparc.app\/en\/green-vision\/","name":"Green vision - Laserstans - GLS Industries","isPartOf":{"@id":"https:\/\/laserstans.dizparc.app\/en\/#website"},"datePublished":"2022-08-31T12:06:01+00:00","dateModified":"2023-08-08T13:02:08+00:00","description":"Med GLS Green Vision s\u00e4tter vi ett namn p\u00e5 det arbete som genomsyrar v\u00e5r organisation och produktion, vi ska bidra till en positiv utveckling","breadcrumb":{"@id":"https:\/\/laserstans.dizparc.app\/en\/green-vision\/#breadcrumb"},"inLanguage":"en-US","potentialAction":[{"@type":"ReadAction","target":["https:\/\/laserstans.dizparc.app\/en\/green-vision\/"]}]},{"@type":"BreadcrumbList","@id":"https:\/\/laserstans.dizparc.app\/en\/green-vision\/#breadcrumb","itemListElement":[{"@type":"ListItem","position":1,"name":"Hem","item":"https:\/\/laserstans.dizparc.app\/en\/"},{"@type":"ListItem","position":2,"name":"Green vision"}]},{"@type":"WebSite","@id":"https:\/\/laserstans.dizparc.app\/en\/#website","url":"https:\/\/laserstans.dizparc.app\/en\/","name":"Laserstans - GLS Industries","description":"Sheet metal processing. Reaching higher.","potentialAction":[{"@type":"SearchAction","target":{"@type":"EntryPoint","urlTemplate":"https:\/\/laserstans.dizparc.app\/en\/?s={search_term_string}"},"query-input":{"@type":"PropertyValueSpecification","valueRequired":true,"valueName":"search_term_string"}}],"inLanguage":"en-US"}]}},"_links":{"self":[{"href":"https:\/\/laserstans.dizparc.app\/en\/wp-json\/wp\/v2\/pages\/11937"}],"collection":[{"href":"https:\/\/laserstans.dizparc.app\/en\/wp-json\/wp\/v2\/pages"}],"about":[{"href":"https:\/\/laserstans.dizparc.app\/en\/wp-json\/wp\/v2\/types\/page"}],"author":[{"embeddable":true,"href":"https:\/\/laserstans.dizparc.app\/en\/wp-json\/wp\/v2\/users\/4"}],"replies":[{"embeddable":true,"href":"https:\/\/laserstans.dizparc.app\/en\/wp-json\/wp\/v2\/comments?post=11937"}],"version-history":[{"count":6,"href":"https:\/\/laserstans.dizparc.app\/en\/wp-json\/wp\/v2\/pages\/11937\/revisions"}],"predecessor-version":[{"id":12001,"href":"https:\/\/laserstans.dizparc.app\/en\/wp-json\/wp\/v2\/pages\/11937\/revisions\/12001"}],"wp:attachment":[{"href":"https:\/\/laserstans.dizparc.app\/en\/wp-json\/wp\/v2\/media?parent=11937"}],"curies":[{"name":"wp","href":"https:\/\/api.w.org\/{rel}","templated":true}]}}