{"id":11054,"date":"2022-09-26T14:52:55","date_gmt":"2022-09-26T14:52:55","guid":{"rendered":"https:\/\/laserstans.dizparc.app\/services\/bending\/"},"modified":"2023-06-07T08:32:38","modified_gmt":"2023-06-07T08:32:38","slug":"bending","status":"publish","type":"page","link":"https:\/\/laserstans.dizparc.app\/en\/service\/bending\/","title":{"rendered":"Bending"},"content":{"rendered":"[cs_content][cs_element_section _id=&#8221;1&#8243; ][cs_element_row _id=&#8221;2&#8243; ][cs_element_column _id=&#8221;3&#8243; ]\u00a0[\/cs_element_column][\/cs_element_row][\/cs_element_section][cs_element_section _id=&#8221;4&#8243; ][cs_element_row _id=&#8221;5&#8243; ][cs_element_column _id=&#8221;6&#8243; ][cs_element_text _id=&#8221;7&#8243; ][cs_content_seo]Bockning\\n\\n[\/cs_content_seo][\/cs_element_column][\/cs_element_row][cs_element_row _id=&#8221;8&#8243; ][cs_element_column _id=&#8221;9&#8243; ][cs_element_text _id=&#8221;10&#8243; ][cs_content_seo]Modernt bockcenter<br \/>\nrustat f\u00f6r b\u00e5de stort<br \/>\noch sm\u00e5tt.\\n\\n[\/cs_content_seo][\/cs_element_column][cs_element_column _id=&#8221;11&#8243; ]\u00a0[\/cs_element_column][\/cs_element_row][\/cs_element_section][cs_section parallax=&#8221;false&#8221; separator_top_type=&#8221;none&#8221; separator_top_height=&#8221;50px&#8221; separator_top_inset=&#8221;0px&#8221; separator_top_angle_point=&#8221;50&#8243; separator_bottom_type=&#8221;none&#8221; separator_bottom_height=&#8221;50px&#8221; separator_bottom_inset=&#8221;0px&#8221; separator_bottom_angle_point=&#8221;50&#8243; _label=&#8221;Text + slide&#8221; style=&#8221;margin: 0px;padding: 45px 0px;&#8221;][cs_row inner_container=&#8221;true&#8221; marginless_columns=&#8221;false&#8221; _label=&#8221;Row 1&#8243; style=&#8221;margin: 0px auto;padding: 0px;&#8221;][cs_column fade=&#8221;false&#8221; fade_animation=&#8221;in&#8221; fade_animation_offset=&#8221;45px&#8221; fade_duration=&#8221;750&#8243; _label=&#8221;1\/2&#8243; type=&#8221;1\/2&#8243; style=&#8221;padding: 0px;&#8221;][cs_text class=&#8221;services_text_headline&#8221;]\n<p><strong>Bockning \u00e4r en av de viktigaste processerna i v\u00e5r verksamhet. D\u00e4rf\u00f6r har vi utvecklat ett bockcenter med fokus p\u00e5 h\u00f6g kvalitet och stort m\u00e5ngfald d\u00e4r vi kan matcha v\u00e5ra kunders behov p\u00e5 b\u00e4sta s\u00e4tt. <\/strong><\/p>\n<p>Med bockning genom v\u00e5ra automatiserade vikmaskiner tillverkar vi produkter som d\u00f6rrar, hyllplan och paneler. V\u00e5ra olika robotceller g\u00f6r oss rustade f\u00f6r b\u00e5de tjocka pl\u00e5tdetaljer och mindre, mer komplexa produkter. Tack vare att maskinerna \u00e4r utrustade med automatiska verktygsv\u00e4xlare kan vi \u00e4ven k\u00f6ra sm\u00e5 serier p\u00e5 ett rationellt s\u00e4tt. Som ett komplement till vikmaskinerna har vi ocks\u00e5 ett antal manuella kantpressar som \u00e4r styrda i alla \u00e5tta axlar f\u00f6r maximal prestanda och flexibilitet vid bockning. Samtliga av v\u00e5ra maskiner kan programmeras offline med 3D-simulering f\u00f6r b\u00e4sta t\u00e4nkbara optimering av programmen.<\/p>\n<p><b>F\u00f6rdelar med pl\u00e5tbockning<\/b><\/p>\n<p>Det finns m\u00e5nga f\u00f6rdelar i att arbeta med pl\u00e5tbockning. Metoderna vi arbetar med \u00e4r effektiva l\u00f6sningar f\u00f6r att forma olika slags metallprodukter som ska h\u00e5lla h\u00f6g kvalit\u00e9 och vara kostnadseffektivt f\u00f6r kunden. Genom modern teknik kan vi pl\u00e5tbocka och formge produkter med en bockl\u00e4ngd upp till 4m.<\/p>\n<p>Vill du l\u00e4sa mer om effektiva och konkurrenskraftiga produktionsmetoder? <a href=\"https:\/\/laserstans.dizparc.app\/en\/services\/die-cutting\/\">L\u00e4s om hur vi arbetar med stansning.<\/a><\/p>\n<p><strong>Har ni fr\u00e5gor kan ni alltid kontakta oss p\u00e5 GLS!<\/strong><\/p>\n[\/cs_text][\/cs_column][cs_column fade=&#8221;false&#8221; fade_animation=&#8221;in&#8221; fade_animation_offset=&#8221;45px&#8221; fade_duration=&#8221;750&#8243; _label=&#8221;1\/2&#8243; type=&#8221;1\/2&#8243; style=&#8221;padding: 0px;&#8221;][x_slider animation=&#8221;slide&#8221; slide_time=&#8221;7000&#8243; slide_speed=&#8221;1000&#8243; slideshow=&#8221;false&#8221; random=&#8221;false&#8221; control_nav=&#8221;false&#8221; prev_next_nav=&#8221;true&#8221; no_container=&#8221;true&#8221; ][x_slide]\n[x_image type=&#8221;none&#8221; float=&#8221;none&#8221; src=&#8221;https:\/\/laserstans.dizparc.app\/wp-content\/uploads\/2019\/11\/Bockning_600x600_bildspel_1.jpg&#8221; info=&#8221;none&#8221; info_place=&#8221;top&#8221; info_trigger=&#8221;hover&#8221;]\n[\/x_slide][x_slide]\n[x_image type=&#8221;none&#8221; float=&#8221;none&#8221; src=&#8221;https:\/\/laserstans.dizparc.app\/wp-content\/uploads\/2019\/11\/Bockning_600x600_bildspel_2.jpg&#8221; info=&#8221;none&#8221; info_place=&#8221;top&#8221; info_trigger=&#8221;hover&#8221;]\n[\/x_slide][x_slide]\n[x_image type=&#8221;none&#8221; float=&#8221;none&#8221; src=&#8221;https:\/\/laserstans.dizparc.app\/wp-content\/uploads\/2019\/11\/Bockning_600x600_bildspel_3.jpg&#8221; info=&#8221;none&#8221; info_place=&#8221;top&#8221; info_trigger=&#8221;hover&#8221;]\n[\/x_slide][x_slide]\n[x_image type=&#8221;none&#8221; float=&#8221;none&#8221; src=&#8221;https:\/\/laserstans.dizparc.app\/wp-content\/uploads\/2019\/11\/Bockning_600x600_bildspel_4.jpg&#8221; info=&#8221;none&#8221; info_place=&#8221;top&#8221; info_trigger=&#8221;hover&#8221;]\n[\/x_slide][\/x_slider][\/cs_column][\/cs_row][\/cs_section][cs_element_section _id=&#8221;22&#8243; ][cs_element_row _id=&#8221;23&#8243; ][cs_element_column _id=&#8221;24&#8243; ][cs_element_text _id=&#8221;25&#8243; ][cs_content_seo]Lasersk\u00e4rning<\/p>\n<p>\\n\\n[\/cs_content_seo][\/cs_element_column][cs_element_column _id=&#8221;26&#8243; ][cs_element_text _id=&#8221;27&#8243; ][cs_content_seo]Stansning<\/p>\n<p>\\n\\n[\/cs_content_seo][\/cs_element_column][cs_element_column _id=&#8221;28&#8243; ][cs_element_text _id=&#8221;29&#8243; ][cs_content_seo]Bockning<\/p>\n<p>\\n\\n[\/cs_content_seo][\/cs_element_column][\/cs_element_row][cs_element_row _id=&#8221;30&#8243; ][cs_element_column _id=&#8221;31&#8243; ]\u00a0[\/cs_element_column][cs_element_column _id=&#8221;32&#8243; ][cs_element_text _id=&#8221;33&#8243; ][cs_content_seo]Svetsning<\/p>\n<p>\\n\\n[\/cs_content_seo][\/cs_element_column][cs_element_column _id=&#8221;34&#8243; ][cs_element_text _id=&#8221;35&#8243; ][cs_content_seo]Efterbearbetning<\/p>\n<p>\\n\\n[\/cs_content_seo][\/cs_element_column][cs_element_column _id=&#8221;36&#8243; ]\u00a0[\/cs_element_column][\/cs_element_row][\/cs_element_section][\/cs_content]\n","protected":false},"excerpt":{"rendered":"<p>[cs_content][cs_element_section _id=&#8221;1&#8243; ][cs_element_row _id=&#8221;2&#8243; ][cs_element_column _id=&#8221;3&#8243; ]\u00a0[\/cs_element_column][\/cs_element_row][\/cs_element_section][cs_element_section _id=&#8221;4&#8243; ][cs_element_row _id=&#8221;5&#8243; ][cs_element_column _id=&#8221;6&#8243; ][cs_element_text _id=&#8221;7&#8243; ][cs_content_seo]Bockning\\n\\n[\/cs_content_seo][\/cs_element_column][\/cs_element_row][cs_element_row _id=&#8221;8&#8243; ][cs_element_column _id=&#8221;9&#8243; ][cs_element_text _id=&#8221;10&#8243; ][cs_content_seo]Modernt bockcenter rustat f\u00f6r b\u00e5de stort och sm\u00e5tt.\\n\\n[\/cs_content_seo][\/cs_element_column][cs_element_column _id=&#8221;11&#8243; ]\u00a0[\/cs_element_column][\/cs_element_row][\/cs_element_section][cs_section parallax=&#8221;false&#8221; separator_top_type=&#8221;none&#8221; separator_top_height=&#8221;50px&#8221; separator_top_inset=&#8221;0px&#8221; separator_top_angle_point=&#8221;50&#8243; separator_bottom_type=&#8221;none&#8221; separator_bottom_height=&#8221;50px&#8221; separator_bottom_inset=&#8221;0px&#8221; separator_bottom_angle_point=&#8221;50&#8243; _label=&#8221;Text + slide&#8221; style=&#8221;margin: 0px;padding: 45px 0px;&#8221;][cs_row inner_container=&#8221;true&#8221; marginless_columns=&#8221;false&#8221; _label=&#8221;Row 1&#8243; style=&#8221;margin: 0px auto;padding: 0px;&#8221;][cs_column fade=&#8221;false&#8221; [&hellip;]<\/p>\n","protected":false},"author":1,"featured_media":0,"parent":11042,"menu_order":0,"comment_status":"closed","ping_status":"closed","template":"template-services-subpage.php","meta":{"_acf_changed":false,"footnotes":""},"acf":[],"yoast_head":"<!-- This site is optimized with the Yoast SEO Premium plugin v22.1 (Yoast SEO v23.5) - https:\/\/yoast.com\/wordpress\/plugins\/seo\/ -->\n<title>Bending \u2013 ready for large or small! | Focus on top quality | GLS Industries<\/title>\n<meta name=\"description\" content=\"We offer bending with a focus on high quality and great diversity. Automated folding machines for maximum performance and quality. Contact us!\" \/>\n<meta name=\"robots\" content=\"noindex, follow, max-snippet:-1, max-image-preview:large, max-video-preview:-1\" \/>\n<meta property=\"og:locale\" content=\"en_US\" \/>\n<meta property=\"og:type\" content=\"article\" \/>\n<meta property=\"og:title\" content=\"Bending\" \/>\n<meta property=\"og:description\" content=\"\u00a0BockningnnModernt bockcenter rustat f\u00f6r b\u00e5de stort och sm\u00e5tt.nn\u00a0 Bockning \u00e4r en av de viktigaste processerna i v\u00e5r verksamhet. D\u00e4rf\u00f6r har vi\" \/>\n<meta property=\"og:url\" content=\"https:\/\/laserstans.dizparc.app\/en\/service\/bending\/\" \/>\n<meta property=\"og:site_name\" content=\"Laserstans - GLS Industries\" \/>\n<meta property=\"article:modified_time\" content=\"2023-06-07T08:32:38+00:00\" \/>\n<meta name=\"twitter:card\" content=\"summary_large_image\" \/>\n<meta name=\"twitter:label1\" content=\"Est. reading time\" \/>\n\t<meta name=\"twitter:data1\" content=\"4 minutes\" \/>\n<script type=\"application\/ld+json\" class=\"yoast-schema-graph\">{\"@context\":\"https:\/\/schema.org\",\"@graph\":[{\"@type\":\"WebPage\",\"@id\":\"https:\/\/laserstans.dizparc.app\/en\/service\/bending\/\",\"url\":\"https:\/\/laserstans.dizparc.app\/en\/service\/bending\/\",\"name\":\"Bending \u2013 ready for large or small! | Focus on top quality | GLS Industries\",\"isPartOf\":{\"@id\":\"https:\/\/laserstans.dizparc.app\/en\/#website\"},\"datePublished\":\"2022-09-26T14:52:55+00:00\",\"dateModified\":\"2023-06-07T08:32:38+00:00\",\"description\":\"We offer bending with a focus on high quality and great diversity. Automated folding machines for maximum performance and quality. Contact us!\",\"breadcrumb\":{\"@id\":\"https:\/\/laserstans.dizparc.app\/en\/service\/bending\/#breadcrumb\"},\"inLanguage\":\"en-US\",\"potentialAction\":[{\"@type\":\"ReadAction\",\"target\":[\"https:\/\/laserstans.dizparc.app\/en\/service\/bending\/\"]}]},{\"@type\":\"BreadcrumbList\",\"@id\":\"https:\/\/laserstans.dizparc.app\/en\/service\/bending\/#breadcrumb\",\"itemListElement\":[{\"@type\":\"ListItem\",\"position\":1,\"name\":\"Hem\",\"item\":\"https:\/\/laserstans.dizparc.app\/en\/\"},{\"@type\":\"ListItem\",\"position\":2,\"name\":\"Services\",\"item\":\"https:\/\/laserstans.dizparc.app\/en\/tjanster\/\"},{\"@type\":\"ListItem\",\"position\":3,\"name\":\"Bending\"}]},{\"@type\":\"WebSite\",\"@id\":\"https:\/\/laserstans.dizparc.app\/en\/#website\",\"url\":\"https:\/\/laserstans.dizparc.app\/en\/\",\"name\":\"Laserstans - GLS Industries\",\"description\":\"Sheet metal processing. Reaching higher.\",\"potentialAction\":[{\"@type\":\"SearchAction\",\"target\":{\"@type\":\"EntryPoint\",\"urlTemplate\":\"https:\/\/laserstans.dizparc.app\/en\/?s={search_term_string}\"},\"query-input\":{\"@type\":\"PropertyValueSpecification\",\"valueRequired\":true,\"valueName\":\"search_term_string\"}}],\"inLanguage\":\"en-US\"}]}<\/script>\n<!-- \/ Yoast SEO Premium plugin. -->","yoast_head_json":{"title":"Bending \u2013 ready for large or small! | Focus on top quality | GLS Industries","description":"We offer bending with a focus on high quality and great diversity. Automated folding machines for maximum performance and quality. Contact us!","robots":{"index":"noindex","follow":"follow","max-snippet":"max-snippet:-1","max-image-preview":"max-image-preview:large","max-video-preview":"max-video-preview:-1"},"og_locale":"en_US","og_type":"article","og_title":"Bending","og_description":"\u00a0BockningnnModernt bockcenter rustat f\u00f6r b\u00e5de stort och sm\u00e5tt.nn\u00a0 Bockning \u00e4r en av de viktigaste processerna i v\u00e5r verksamhet. D\u00e4rf\u00f6r har vi","og_url":"https:\/\/laserstans.dizparc.app\/en\/service\/bending\/","og_site_name":"Laserstans - GLS Industries","article_modified_time":"2023-06-07T08:32:38+00:00","twitter_card":"summary_large_image","twitter_misc":{"Est. reading time":"4 minutes"},"schema":{"@context":"https:\/\/schema.org","@graph":[{"@type":"WebPage","@id":"https:\/\/laserstans.dizparc.app\/en\/service\/bending\/","url":"https:\/\/laserstans.dizparc.app\/en\/service\/bending\/","name":"Bending \u2013 ready for large or small! | Focus on top quality | GLS Industries","isPartOf":{"@id":"https:\/\/laserstans.dizparc.app\/en\/#website"},"datePublished":"2022-09-26T14:52:55+00:00","dateModified":"2023-06-07T08:32:38+00:00","description":"We offer bending with a focus on high quality and great diversity. Automated folding machines for maximum performance and quality. Contact us!","breadcrumb":{"@id":"https:\/\/laserstans.dizparc.app\/en\/service\/bending\/#breadcrumb"},"inLanguage":"en-US","potentialAction":[{"@type":"ReadAction","target":["https:\/\/laserstans.dizparc.app\/en\/service\/bending\/"]}]},{"@type":"BreadcrumbList","@id":"https:\/\/laserstans.dizparc.app\/en\/service\/bending\/#breadcrumb","itemListElement":[{"@type":"ListItem","position":1,"name":"Hem","item":"https:\/\/laserstans.dizparc.app\/en\/"},{"@type":"ListItem","position":2,"name":"Services","item":"https:\/\/laserstans.dizparc.app\/en\/tjanster\/"},{"@type":"ListItem","position":3,"name":"Bending"}]},{"@type":"WebSite","@id":"https:\/\/laserstans.dizparc.app\/en\/#website","url":"https:\/\/laserstans.dizparc.app\/en\/","name":"Laserstans - GLS Industries","description":"Sheet metal processing. Reaching higher.","potentialAction":[{"@type":"SearchAction","target":{"@type":"EntryPoint","urlTemplate":"https:\/\/laserstans.dizparc.app\/en\/?s={search_term_string}"},"query-input":{"@type":"PropertyValueSpecification","valueRequired":true,"valueName":"search_term_string"}}],"inLanguage":"en-US"}]}},"_links":{"self":[{"href":"https:\/\/laserstans.dizparc.app\/en\/wp-json\/wp\/v2\/pages\/11054"}],"collection":[{"href":"https:\/\/laserstans.dizparc.app\/en\/wp-json\/wp\/v2\/pages"}],"about":[{"href":"https:\/\/laserstans.dizparc.app\/en\/wp-json\/wp\/v2\/types\/page"}],"author":[{"embeddable":true,"href":"https:\/\/laserstans.dizparc.app\/en\/wp-json\/wp\/v2\/users\/1"}],"replies":[{"embeddable":true,"href":"https:\/\/laserstans.dizparc.app\/en\/wp-json\/wp\/v2\/comments?post=11054"}],"version-history":[{"count":3,"href":"https:\/\/laserstans.dizparc.app\/en\/wp-json\/wp\/v2\/pages\/11054\/revisions"}],"predecessor-version":[{"id":11898,"href":"https:\/\/laserstans.dizparc.app\/en\/wp-json\/wp\/v2\/pages\/11054\/revisions\/11898"}],"up":[{"embeddable":true,"href":"https:\/\/laserstans.dizparc.app\/en\/wp-json\/wp\/v2\/pages\/11042"}],"wp:attachment":[{"href":"https:\/\/laserstans.dizparc.app\/en\/wp-json\/wp\/v2\/media?parent=11054"}],"curies":[{"name":"wp","href":"https:\/\/api.w.org\/{rel}","templated":true}]}}